{"id":5242,"date":"2022-12-12T18:49:01","date_gmt":"2022-12-12T18:49:01","guid":{"rendered":"https:\/\/tphome.ma\/?page_id=5242"},"modified":"2023-12-29T12:32:44","modified_gmt":"2023-12-29T12:32:44","slug":"placards","status":"publish","type":"page","link":"https:\/\/tphome.ma\/ar\/placards\/","title":{"rendered":"\u062e\u0632\u0627\u0646\u0627\u062a"},"content":{"rendered":"<div data-elementor-type=\"wp-page\" data-elementor-id=\"5242\" class=\"elementor elementor-5242\" data-elementor-post-type=\"page\">\n\t\t\t\t<div class=\"elementor-element elementor-element-471995a e-con-full wd-section-stretch-content e-flex elementor-invisible e-con e-parent\" data-id=\"471995a\" data-element_type=\"container\" data-e-type=\"container\" data-settings=\"{&quot;background_background&quot;:&quot;classic&quot;,&quot;animation&quot;:&quot;fadeInUp&quot;}\">\n\t\t<div class=\"wd-negative-gap elementor-element elementor-element-fc934d3 wd-section-stretch e-flex e-con-boxed e-con e-child\" data-id=\"fc934d3\" data-element_type=\"container\" data-e-type=\"container\">\n\t\t\t\t\t<div class=\"e-con-inner\">\n\t\t\t\t<div class=\"elementor-element elementor-element-9567b85 elementor-widget__width-inherit wd-width-100 elementor-widget elementor-widget-wd_title\" data-id=\"9567b85\" data-element_type=\"widget\" data-e-type=\"widget\" data-widget_type=\"wd_title.default\">\n\t\t\t\t<div class=\"elementor-widget-container\">\n\t\t\t\t\t\t\t<div class=\"title-wrapper wd-set-mb reset-last-child wd-title-color-white wd-title-style-simple wd-title-size-extra-large text-center\">\n\n\t\t\t\n\t\t\t<div class=\"liner-continer\">\n\t\t\t\t<h4 class=\"woodmart-title-container title wd-fontsize-xxxl\">\u0643\u062a\u0627\u0644\u0648\u062c \u0627\u0644\u062e\u0632\u0627\u0646\u0627\u062a<\/h4> \n\t\t\t\t\t\t\t<\/div>\n\n\t\t\t\t\t<\/div>\n\t\t\t\t\t\t<\/div>\n\t\t\t\t<\/div>\n\t\t\t\t\t<\/div>\n\t\t\t\t<\/div>\n\t\t\t\t<\/div>\n\t\t<div class=\"wd-negative-gap elementor-element elementor-element-d513497 wd-section-stretch-content e-flex e-con-boxed elementor-invisible e-con e-parent\" data-id=\"d513497\" data-element_type=\"container\" data-e-type=\"container\" data-settings=\"{&quot;background_background&quot;:&quot;classic&quot;,&quot;animation&quot;:&quot;fadeInUp&quot;,&quot;animation_delay&quot;:200}\">\n\t\t\t\t\t<div class=\"e-con-inner\">\n\t\t\t\t<div class=\"elementor-element elementor-element-2b957e8 wd-width-100 elementor-widget elementor-widget-wd_title\" data-id=\"2b957e8\" data-element_type=\"widget\" data-e-type=\"widget\" data-widget_type=\"wd_title.default\">\n\t\t\t\t<div class=\"elementor-widget-container\">\n\t\t\t\t\t\t\t<div class=\"title-wrapper wd-set-mb reset-last-child wd-title-color-primary wd-title-style-simple wd-title-size-large text-center\">\n\n\t\t\t\n\t\t\t<div class=\"liner-continer\">\n\t\t\t\t<h4 class=\"woodmart-title-container title wd-fontsize-xxl\">\u0645\u0631\u062d\u0628\u064b\u0627 \u0641\u064a Tout Porte<\/h4> \n\t\t\t\t\t\t\t<\/div>\n\n\t\t\t\t\t\t\t<div class=\"title-after_title reset-last-child wd-fontsize-s\">\n\t\t\t\t\t<p>\u062d\u064a\u062b \u064a\u0644\u062a\u0642\u064a \u0627\u0644\u062a\u0635\u0645\u064a\u0645 \u0627\u0644\u0648\u0638\u064a\u0641\u064a \u0628\u0645\u062a\u0639\u0629 \u0627\u0644\u062c\u0645\u0627\u0644. \u0628\u0641\u062e\u0631 \u0648\u062e\u0628\u0631\u0629 \u062a\u0645\u062a\u062f \u0644\u0645\u062f\u0629 \u0639\u0642\u062f\u064a\u0646\u060c \u0646\u062d\u0646 \u0641\u062e\u0648\u0631\u0648\u0646 \u0628\u062a\u0635\u0645\u064a\u0645 \u062e\u0632\u0627\u0626\u0646 \u062a\u062c\u0645\u0639 \u0628\u064a\u0646 \u0623\u0646\u0627\u0642\u0629 \u0627\u0644\u0645\u063a\u0631\u0628 \u0648\u0627\u0644\u062d\u062f\u0627\u062b\u0629 \u0648\u0627\u0644\u0631\u0627\u062d\u0629 \u0628\u0634\u0643\u0644 \u0645\u062a\u0646\u0627\u063a\u0645.<br>\u0641\u0644\u0633\u0641\u062a\u0646\u0627 \u0641\u064a \u0627\u0644\u062a\u0635\u0645\u064a\u0645 \u062a\u062f\u0648\u0631 \u062d\u0648\u0644 \u0625\u0628\u062f\u0627\u0639 \u0644\u064a\u0633 \u0641\u0642\u0637 \u0641\u064a \u062d\u0644\u0648\u0644 \u0627\u0644\u062a\u062e\u0632\u064a\u0646\u060c \u0648\u0644\u0643\u0646 \u0641\u064a \u0642\u0635\u0635 \u0628\u0635\u0631\u064a\u0629 \u062a\u0639\u0632\u0632 \u062c\u0627\u0630\u0628\u064a\u0629 \u0645\u0633\u0627\u062d\u062a\u0643. \u0627\u0646\u063a\u0645\u0633 \u0641\u064a \u0639\u0627\u0644\u0645 \u0627\u0644\u062a\u062e\u0632\u064a\u0646 \u0627\u0644\u0645\u062e\u0635\u0635 \u0645\u0639 Tout Porte\u060c \u062d\u064a\u062b \u064a\u0643\u0648\u0646 \u0643\u0644 \u062a\u0641\u0635\u064a\u0644 \u0644\u0648\u062d\u0629 \u062a\u0631\u0633\u0645\u0647\u0627 \u0641\u0631\u0634\u0627\u0629 \u0639\u0644\u0649 \u0642\u0645\u0627\u0634 \u0645\u0646\u0632\u0644\u0643.<\/p>\t\t\t\t<\/div>\n\t\t\t\t\t<\/div>\n\t\t\t\t\t\t<\/div>\n\t\t\t\t<\/div>\n\t\t\t\t\t<\/div>\n\t\t\t\t<\/div>\n\t\t<div class=\"elementor-element elementor-element-4377a5f wd-section-stretch e-con-full e-flex elementor-invisible e-con e-parent\" data-id=\"4377a5f\" data-element_type=\"container\" data-e-type=\"container\" data-settings=\"{&quot;background_background&quot;:&quot;classic&quot;,&quot;animation&quot;:&quot;fadeInUp&quot;,&quot;animation_delay&quot;:300}\">\n\t\t\t\t<div class=\"elementor-element elementor-element-fcbfebf wd-width-100 elementor-widget elementor-widget-wd_images_gallery\" data-id=\"fcbfebf\" data-element_type=\"widget\" data-e-type=\"widget\" data-widget_type=\"wd_images_gallery.default\">\n\t\t\t\t<div class=\"elementor-widget-container\">\n\t\t\t\t\t\t\t<div class=\"wd-images-gallery photoswipe-images\" style=\"--wd-align-items:center; --wd-justify-content:center;\">\n\t\t\t\t\t\t<div class=\"wd-grid-g\" style=\"--wd-col-lg:2;--wd-col-md:2;--wd-col-sm:1;--wd-gap-lg:6px;\" >\n\t\t\t\t\t\t\t\t\t\t\t\t\t\t\t\t\t\t<div class=\"wd-gallery-item wd-col\">\n\t\t\t\t\t\t\t\t\t\t\t\t\t<a  href=\"https:\/\/tphome.ma\/wp-content\/uploads\/2022\/12\/MOD.-Arles-ACABADO-L156-Mate.jpg\" data-width=\"1200\" data-height=\"750\" data-index=\"1\" data-elementor-open-lightbox=\"no\">\n\t\t\t\t\t\t\n\t\t\t\t\t\t<img loading=\"lazy\" decoding=\"async\" width=\"1200\" height=\"750\" src=\"https:\/\/tphome.ma\/wp-content\/uploads\/2022\/12\/MOD.-Arles-ACABADO-L156-Mate.jpg\" class=\"attachment-full size-full\" alt=\"MOD. Arlesx\" srcset=\"https:\/\/tphome.ma\/wp-content\/uploads\/2022\/12\/MOD.-Arles-ACABADO-L156-Mate.jpg 1200w, https:\/\/tphome.ma\/wp-content\/uploads\/2022\/12\/MOD.-Arles-ACABADO-L156-Mate-430x269.jpg 430w, https:\/\/tphome.ma\/wp-content\/uploads\/2022\/12\/MOD.-Arles-ACABADO-L156-Mate-150x94.jpg 150w, https:\/\/tphome.ma\/wp-content\/uploads\/2022\/12\/MOD.-Arles-ACABADO-L156-Mate-700x438.jpg 700w, https:\/\/tphome.ma\/wp-content\/uploads\/2022\/12\/MOD.-Arles-ACABADO-L156-Mate-300x188.jpg 300w, https:\/\/tphome.ma\/wp-content\/uploads\/2022\/12\/MOD.-Arles-ACABADO-L156-Mate-1024x640.jpg 1024w, https:\/\/tphome.ma\/wp-content\/uploads\/2022\/12\/MOD.-Arles-ACABADO-L156-Mate-768x480.jpg 768w\" sizes=\"auto, (max-width: 1200px) 100vw, 1200px\" title=\"\">\n\t\t\t\t\t\t\t\t\t\t\t\t\t<\/a>\n\t\t\t\t\t\t\t\t\t\t\t<\/div>\n\t\t\t\t\t\t\t\t\t\t\t\t\t\t\t<div class=\"wd-gallery-item wd-col\">\n\t\t\t\t\t\t\t\t\t\t\t\t\t<a  href=\"https:\/\/tphome.ma\/wp-content\/uploads\/2022\/12\/MOD.-Vendrell-ACABADO-L136-Mate.jpg\" data-width=\"1200\" data-height=\"750\" data-index=\"2\" data-elementor-open-lightbox=\"no\">\n\t\t\t\t\t\t\n\t\t\t\t\t\t<img loading=\"lazy\" decoding=\"async\" width=\"1200\" height=\"750\" src=\"https:\/\/tphome.ma\/wp-content\/uploads\/2022\/12\/MOD.-Vendrell-ACABADO-L136-Mate.jpg\" class=\"attachment-full size-full\" alt=\"MOD. Vendrell\" srcset=\"https:\/\/tphome.ma\/wp-content\/uploads\/2022\/12\/MOD.-Vendrell-ACABADO-L136-Mate.jpg 1200w, https:\/\/tphome.ma\/wp-content\/uploads\/2022\/12\/MOD.-Vendrell-ACABADO-L136-Mate-430x269.jpg 430w, https:\/\/tphome.ma\/wp-content\/uploads\/2022\/12\/MOD.-Vendrell-ACABADO-L136-Mate-150x94.jpg 150w, https:\/\/tphome.ma\/wp-content\/uploads\/2022\/12\/MOD.-Vendrell-ACABADO-L136-Mate-700x438.jpg 700w, https:\/\/tphome.ma\/wp-content\/uploads\/2022\/12\/MOD.-Vendrell-ACABADO-L136-Mate-300x188.jpg 300w, https:\/\/tphome.ma\/wp-content\/uploads\/2022\/12\/MOD.-Vendrell-ACABADO-L136-Mate-1024x640.jpg 1024w, https:\/\/tphome.ma\/wp-content\/uploads\/2022\/12\/MOD.-Vendrell-ACABADO-L136-Mate-768x480.jpg 768w\" sizes=\"auto, (max-width: 1200px) 100vw, 1200px\" title=\"\">\n\t\t\t\t\t\t\t\t\t\t\t\t\t<\/a>\n\t\t\t\t\t\t\t\t\t\t\t<\/div>\n\t\t\t\t\t\t\t\t\t\t\t\t\t\t\t<div class=\"wd-gallery-item wd-col\">\n\t\t\t\t\t\t\t\t\t\t\t\t\t<a  href=\"https:\/\/tphome.ma\/wp-content\/uploads\/2022\/12\/MOD.-Luz-ACABADO-L166-Mate.jpg\" data-width=\"1200\" data-height=\"750\" data-index=\"3\" data-elementor-open-lightbox=\"no\">\n\t\t\t\t\t\t\n\t\t\t\t\t\t<img loading=\"lazy\" decoding=\"async\" width=\"1200\" height=\"750\" src=\"https:\/\/tphome.ma\/wp-content\/uploads\/2022\/12\/MOD.-Luz-ACABADO-L166-Mate.jpg\" class=\"attachment-full size-full\" alt=\"MOD. Luz\" srcset=\"https:\/\/tphome.ma\/wp-content\/uploads\/2022\/12\/MOD.-Luz-ACABADO-L166-Mate.jpg 1200w, https:\/\/tphome.ma\/wp-content\/uploads\/2022\/12\/MOD.-Luz-ACABADO-L166-Mate-430x269.jpg 430w, https:\/\/tphome.ma\/wp-content\/uploads\/2022\/12\/MOD.-Luz-ACABADO-L166-Mate-150x94.jpg 150w, https:\/\/tphome.ma\/wp-content\/uploads\/2022\/12\/MOD.-Luz-ACABADO-L166-Mate-700x438.jpg 700w, https:\/\/tphome.ma\/wp-content\/uploads\/2022\/12\/MOD.-Luz-ACABADO-L166-Mate-300x188.jpg 300w, https:\/\/tphome.ma\/wp-content\/uploads\/2022\/12\/MOD.-Luz-ACABADO-L166-Mate-1024x640.jpg 1024w, https:\/\/tphome.ma\/wp-content\/uploads\/2022\/12\/MOD.-Luz-ACABADO-L166-Mate-768x480.jpg 768w\" sizes=\"auto, (max-width: 1200px) 100vw, 1200px\" title=\"\">\n\t\t\t\t\t\t\t\t\t\t\t\t\t<\/a>\n\t\t\t\t\t\t\t\t\t\t\t<\/div>\n\t\t\t\t\t\t\t\t\t\t\t\t\t\t\t<div class=\"wd-gallery-item wd-col\">\n\t\t\t\t\t\t\t\t\t\t\t\t\t<a  href=\"https:\/\/tphome.ma\/wp-content\/uploads\/2022\/12\/MOD.-Noguera-ACABADO-T000-NOG.jpg\" data-width=\"1200\" data-height=\"750\" data-index=\"4\" data-elementor-open-lightbox=\"no\">\n\t\t\t\t\t\t\n\t\t\t\t\t\t<img loading=\"lazy\" decoding=\"async\" width=\"1200\" height=\"750\" src=\"https:\/\/tphome.ma\/wp-content\/uploads\/2022\/12\/MOD.-Noguera-ACABADO-T000-NOG.jpg\" class=\"attachment-full size-full\" alt=\"MOD. Noguera\" srcset=\"https:\/\/tphome.ma\/wp-content\/uploads\/2022\/12\/MOD.-Noguera-ACABADO-T000-NOG.jpg 1200w, https:\/\/tphome.ma\/wp-content\/uploads\/2022\/12\/MOD.-Noguera-ACABADO-T000-NOG-430x269.jpg 430w, https:\/\/tphome.ma\/wp-content\/uploads\/2022\/12\/MOD.-Noguera-ACABADO-T000-NOG-150x94.jpg 150w, https:\/\/tphome.ma\/wp-content\/uploads\/2022\/12\/MOD.-Noguera-ACABADO-T000-NOG-700x438.jpg 700w\" sizes=\"auto, (max-width: 1200px) 100vw, 1200px\" title=\"\">\n\t\t\t\t\t\t\t\t\t\t\t\t\t<\/a>\n\t\t\t\t\t\t\t\t\t\t\t<\/div>\n\t\t\t\t\t\t\t\t\t\t\t\t\t\t\t<div class=\"wd-gallery-item wd-col\">\n\t\t\t\t\t\t\t\t\t\t\t\t\t<a  href=\"https:\/\/tphome.ma\/wp-content\/uploads\/2022\/12\/MOD.-Limoges-ACABADO-T000-EUC.jpg\" data-width=\"1200\" data-height=\"750\" data-index=\"5\" data-elementor-open-lightbox=\"no\">\n\t\t\t\t\t\t\n\t\t\t\t\t\t<img loading=\"lazy\" decoding=\"async\" width=\"1200\" height=\"750\" src=\"https:\/\/tphome.ma\/wp-content\/uploads\/2022\/12\/MOD.-Limoges-ACABADO-T000-EUC.jpg\" class=\"attachment-full size-full\" alt=\"MOD. Limoges\" srcset=\"https:\/\/tphome.ma\/wp-content\/uploads\/2022\/12\/MOD.-Limoges-ACABADO-T000-EUC.jpg 1200w, https:\/\/tphome.ma\/wp-content\/uploads\/2022\/12\/MOD.-Limoges-ACABADO-T000-EUC-430x269.jpg 430w, https:\/\/tphome.ma\/wp-content\/uploads\/2022\/12\/MOD.-Limoges-ACABADO-T000-EUC-150x94.jpg 150w, https:\/\/tphome.ma\/wp-content\/uploads\/2022\/12\/MOD.-Limoges-ACABADO-T000-EUC-700x438.jpg 700w, https:\/\/tphome.ma\/wp-content\/uploads\/2022\/12\/MOD.-Limoges-ACABADO-T000-EUC-300x188.jpg 300w, https:\/\/tphome.ma\/wp-content\/uploads\/2022\/12\/MOD.-Limoges-ACABADO-T000-EUC-1024x640.jpg 1024w, https:\/\/tphome.ma\/wp-content\/uploads\/2022\/12\/MOD.-Limoges-ACABADO-T000-EUC-768x480.jpg 768w\" sizes=\"auto, (max-width: 1200px) 100vw, 1200px\" title=\"\">\n\t\t\t\t\t\t\t\t\t\t\t\t\t<\/a>\n\t\t\t\t\t\t\t\t\t\t\t<\/div>\n\t\t\t\t\t\t\t\t\t\t\t\t\t\t\t<div class=\"wd-gallery-item wd-col\">\n\t\t\t\t\t\t\t\t\t\t\t\t\t<a  href=\"https:\/\/tphome.ma\/wp-content\/uploads\/2022\/12\/MOD.-Cunit-ACABADO-L159-Mate.jpg\" data-width=\"1200\" data-height=\"750\" data-index=\"6\" data-elementor-open-lightbox=\"no\">\n\t\t\t\t\t\t\n\t\t\t\t\t\t<img loading=\"lazy\" decoding=\"async\" width=\"1200\" height=\"750\" src=\"https:\/\/tphome.ma\/wp-content\/uploads\/2022\/12\/MOD.-Cunit-ACABADO-L159-Mate.jpg\" class=\"attachment-full size-full\" alt=\"MOD. Cunit\" srcset=\"https:\/\/tphome.ma\/wp-content\/uploads\/2022\/12\/MOD.-Cunit-ACABADO-L159-Mate.jpg 1200w, https:\/\/tphome.ma\/wp-content\/uploads\/2022\/12\/MOD.-Cunit-ACABADO-L159-Mate-430x269.jpg 430w, https:\/\/tphome.ma\/wp-content\/uploads\/2022\/12\/MOD.-Cunit-ACABADO-L159-Mate-150x94.jpg 150w, https:\/\/tphome.ma\/wp-content\/uploads\/2022\/12\/MOD.-Cunit-ACABADO-L159-Mate-700x438.jpg 700w, https:\/\/tphome.ma\/wp-content\/uploads\/2022\/12\/MOD.-Cunit-ACABADO-L159-Mate-300x188.jpg 300w, https:\/\/tphome.ma\/wp-content\/uploads\/2022\/12\/MOD.-Cunit-ACABADO-L159-Mate-1024x640.jpg 1024w, https:\/\/tphome.ma\/wp-content\/uploads\/2022\/12\/MOD.-Cunit-ACABADO-L159-Mate-768x480.jpg 768w\" sizes=\"auto, (max-width: 1200px) 100vw, 1200px\" title=\"\">\n\t\t\t\t\t\t\t\t\t\t\t\t\t<\/a>\n\t\t\t\t\t\t\t\t\t\t\t<\/div>\n\t\t\t\t\t\t\t\t\t\t\t\t\t\t\t<div class=\"wd-gallery-item wd-col\">\n\t\t\t\t\t\t\t\t\t\t\t\t\t<a  href=\"https:\/\/tphome.ma\/wp-content\/uploads\/2022\/12\/MOD.-Nimes-ACABADO-T040-R.jpg\" data-width=\"1200\" data-height=\"750\" data-index=\"7\" data-elementor-open-lightbox=\"no\">\n\t\t\t\t\t\t\n\t\t\t\t\t\t<img loading=\"lazy\" decoding=\"async\" width=\"1200\" height=\"750\" src=\"https:\/\/tphome.ma\/wp-content\/uploads\/2022\/12\/MOD.-Nimes-ACABADO-T040-R.jpg\" class=\"attachment-full size-full\" alt=\"MOD. Nimes\" srcset=\"https:\/\/tphome.ma\/wp-content\/uploads\/2022\/12\/MOD.-Nimes-ACABADO-T040-R.jpg 1200w, https:\/\/tphome.ma\/wp-content\/uploads\/2022\/12\/MOD.-Nimes-ACABADO-T040-R-430x269.jpg 430w, https:\/\/tphome.ma\/wp-content\/uploads\/2022\/12\/MOD.-Nimes-ACABADO-T040-R-150x94.jpg 150w, https:\/\/tphome.ma\/wp-content\/uploads\/2022\/12\/MOD.-Nimes-ACABADO-T040-R-700x438.jpg 700w, https:\/\/tphome.ma\/wp-content\/uploads\/2022\/12\/MOD.-Nimes-ACABADO-T040-R-300x188.jpg 300w, https:\/\/tphome.ma\/wp-content\/uploads\/2022\/12\/MOD.-Nimes-ACABADO-T040-R-1024x640.jpg 1024w, https:\/\/tphome.ma\/wp-content\/uploads\/2022\/12\/MOD.-Nimes-ACABADO-T040-R-768x480.jpg 768w\" sizes=\"auto, (max-width: 1200px) 100vw, 1200px\" title=\"\">\n\t\t\t\t\t\t\t\t\t\t\t\t\t<\/a>\n\t\t\t\t\t\t\t\t\t\t\t<\/div>\n\t\t\t\t\t\t\t\t\t\t\t\t\t\t\t<div class=\"wd-gallery-item wd-col\">\n\t\t\t\t\t\t\t\t\t\t\t\t\t<a  href=\"https:\/\/tphome.ma\/wp-content\/uploads\/2022\/12\/MOD.-Narbona-ACABADO-T000-FRE.jpg\" data-width=\"1200\" data-height=\"750\" data-index=\"8\" data-elementor-open-lightbox=\"no\">\n\t\t\t\t\t\t\n\t\t\t\t\t\t<img loading=\"lazy\" decoding=\"async\" width=\"1200\" height=\"750\" src=\"https:\/\/tphome.ma\/wp-content\/uploads\/2022\/12\/MOD.-Narbona-ACABADO-T000-FRE.jpg\" class=\"attachment-full size-full\" alt=\"MOD. Narbona\" srcset=\"https:\/\/tphome.ma\/wp-content\/uploads\/2022\/12\/MOD.-Narbona-ACABADO-T000-FRE.jpg 1200w, https:\/\/tphome.ma\/wp-content\/uploads\/2022\/12\/MOD.-Narbona-ACABADO-T000-FRE-430x269.jpg 430w, https:\/\/tphome.ma\/wp-content\/uploads\/2022\/12\/MOD.-Narbona-ACABADO-T000-FRE-150x94.jpg 150w, https:\/\/tphome.ma\/wp-content\/uploads\/2022\/12\/MOD.-Narbona-ACABADO-T000-FRE-700x438.jpg 700w, https:\/\/tphome.ma\/wp-content\/uploads\/2022\/12\/MOD.-Narbona-ACABADO-T000-FRE-300x188.jpg 300w, https:\/\/tphome.ma\/wp-content\/uploads\/2022\/12\/MOD.-Narbona-ACABADO-T000-FRE-1024x640.jpg 1024w, https:\/\/tphome.ma\/wp-content\/uploads\/2022\/12\/MOD.-Narbona-ACABADO-T000-FRE-768x480.jpg 768w\" sizes=\"auto, (max-width: 1200px) 100vw, 1200px\" title=\"\">\n\t\t\t\t\t\t\t\t\t\t\t\t\t<\/a>\n\t\t\t\t\t\t\t\t\t\t\t<\/div>\n\t\t\t\t\t\t\t\t\t\t\t\t\t<\/div>\n\t\t\t\t\t<\/div>\n\t\t\t\t\t\t<\/div>\n\t\t\t\t<\/div>\n\t\t\t\t<\/div>\n\t\t\t\t<\/div>","protected":false},"excerpt":{"rendered":"<p>Catalogue Des Placards Catalogue Des Placards Bienvenue chez Tout Porte L\u00e0 o\u00f9 le design fonctionnel rencontre le plaisir esth\u00e9tique. Forts<\/p>","protected":false},"author":5,"featured_media":0,"parent":0,"menu_order":4,"comment_status":"closed","ping_status":"closed","template":"elementor_header_footer","meta":{"footnotes":""},"class_list":["post-5242","page","type-page","status-publish","hentry"],"_links":{"self":[{"href":"https:\/\/tphome.ma\/ar\/wp-json\/wp\/v2\/pages\/5242","targetHints":{"allow":["GET"]}}],"collection":[{"href":"https:\/\/tphome.ma\/ar\/wp-json\/wp\/v2\/pages"}],"about":[{"href":"https:\/\/tphome.ma\/ar\/wp-json\/wp\/v2\/types\/page"}],"author":[{"embeddable":true,"href":"https:\/\/tphome.ma\/ar\/wp-json\/wp\/v2\/users\/5"}],"replies":[{"embeddable":true,"href":"https:\/\/tphome.ma\/ar\/wp-json\/wp\/v2\/comments?post=5242"}],"version-history":[{"count":0,"href":"https:\/\/tphome.ma\/ar\/wp-json\/wp\/v2\/pages\/5242\/revisions"}],"wp:attachment":[{"href":"https:\/\/tphome.ma\/ar\/wp-json\/wp\/v2\/media?parent=5242"}],"curies":[{"name":"wp","href":"https:\/\/api.w.org\/{rel}","templated":true}]}}